{"id":7293,"date":"2025-08-11T12:52:04","date_gmt":"2025-08-11T10:52:04","guid":{"rendered":"https:\/\/ywatik.com\/?post_type=product&#038;p=7293"},"modified":"2025-08-11T13:15:58","modified_gmt":"2025-08-11T11:15:58","slug":"maillot-champions-23-24","status":"publish","type":"product","link":"https:\/\/ywatik.com\/fr_fr\/product\/maillot-champions-23-24\/","title":{"rendered":"Polo Blanc \u00ab\u00a0Champions\u00a0\u00bb  23-24 &#8211; \u00c9dition\u00a0Sp\u00e9ciale"},"content":{"rendered":"","protected":false},"excerpt":{"rendered":"<p>Recevez le maillot officiel de votre \u00e9quipe de football pr\u00e9f\u00e9r\u00e9e SAMB.<\/p>\n<p>Qualit\u00e9 : 80% polyester et 20% coton<\/p>\n<p>\u00e9dition champions 2024<\/p>\n","protected":false},"featured_media":7294,"template":"","meta":[],"product_brand":[],"product_cat":[294],"product_tag":[],"class_list":{"0":"post-7293","1":"product","2":"type-product","3":"status-publish","4":"has-post-thumbnail","6":"product_cat-samb","8":"first","9":"instock","10":"sale","11":"shipping-taxable","12":"purchasable","13":"product-type-variable"},"_links":{"self":[{"href":"https:\/\/ywatik.com\/fr_fr\/wp-json\/wp\/v2\/product\/7293","targetHints":{"allow":["GET"]}}],"collection":[{"href":"https:\/\/ywatik.com\/fr_fr\/wp-json\/wp\/v2\/product"}],"about":[{"href":"https:\/\/ywatik.com\/fr_fr\/wp-json\/wp\/v2\/types\/product"}],"wp:featuredmedia":[{"embeddable":true,"href":"https:\/\/ywatik.com\/fr_fr\/wp-json\/wp\/v2\/media\/7294"}],"wp:attachment":[{"href":"https:\/\/ywatik.com\/fr_fr\/wp-json\/wp\/v2\/media?parent=7293"}],"wp:term":[{"taxonomy":"product_brand","embeddable":true,"href":"https:\/\/ywatik.com\/fr_fr\/wp-json\/wp\/v2\/product_brand?post=7293"},{"taxonomy":"product_cat","embeddable":true,"href":"https:\/\/ywatik.com\/fr_fr\/wp-json\/wp\/v2\/product_cat?post=7293"},{"taxonomy":"product_tag","embeddable":true,"href":"https:\/\/ywatik.com\/fr_fr\/wp-json\/wp\/v2\/product_tag?post=7293"}],"curies":[{"name":"wp","href":"https:\/\/api.w.org\/{rel}","templated":true}]}}