{"id":5835,"date":"2025-03-11T13:02:45","date_gmt":"2025-03-11T12:02:45","guid":{"rendered":"https:\/\/ywatik.com\/?post_type=product&#038;p=5835"},"modified":"2025-08-11T12:26:21","modified_gmt":"2025-08-11T10:26:21","slug":"maillot-domicile-24-25","status":"publish","type":"product","link":"https:\/\/ywatik.com\/fr_fr\/product\/maillot-domicile-24-25\/","title":{"rendered":"Maillot Domicile 24\/25"},"content":{"rendered":"<p>Le maillot SAMB Domicile pour la saison 2024-2025 incarne l\u2019enracinement du club dans la ville de Menzel Bourguiba. Tous les quartiers de la ville sont repr\u00e9sent\u00e9s sur le maillot d\u2019une mani\u00e8re a retrac\u00e9 le battement de c\u0153ur qui donne vie \u00e0 ce club repr\u00e9senter par son logo bord\u00e9 en silicone, cette nouvelle tunique retrouve l&#8217;embl\u00e9matique bande centrale verte. Un clin d&rsquo;\u0153il original qui refl\u00e8te parfaitement l&rsquo;identit\u00e9 disruptive du club, reconnu comme le club de la nouvelle g\u00e9n\u00e9ration.<\/p>\n","protected":false},"excerpt":{"rendered":"<p>Recevez le maillot domicile 24-25 de votre \u00e9quipe de football pr\u00e9f\u00e9r\u00e9e SAMB.<br \/>\nQualit\u00e9 : 80% polyester et 20% coton<br \/>\nLogo bord\u00e9 en silicone<\/p>\n","protected":false},"featured_media":5836,"template":"","meta":[],"product_brand":[],"product_cat":[294],"product_tag":[],"class_list":{"0":"post-5835","1":"product","2":"type-product","3":"status-publish","4":"has-post-thumbnail","6":"product_cat-samb","8":"first","9":"instock","10":"sale","11":"shipping-taxable","12":"purchasable","13":"product-type-variable"},"_links":{"self":[{"href":"https:\/\/ywatik.com\/fr_fr\/wp-json\/wp\/v2\/product\/5835","targetHints":{"allow":["GET"]}}],"collection":[{"href":"https:\/\/ywatik.com\/fr_fr\/wp-json\/wp\/v2\/product"}],"about":[{"href":"https:\/\/ywatik.com\/fr_fr\/wp-json\/wp\/v2\/types\/product"}],"wp:featuredmedia":[{"embeddable":true,"href":"https:\/\/ywatik.com\/fr_fr\/wp-json\/wp\/v2\/media\/5836"}],"wp:attachment":[{"href":"https:\/\/ywatik.com\/fr_fr\/wp-json\/wp\/v2\/media?parent=5835"}],"wp:term":[{"taxonomy":"product_brand","embeddable":true,"href":"https:\/\/ywatik.com\/fr_fr\/wp-json\/wp\/v2\/product_brand?post=5835"},{"taxonomy":"product_cat","embeddable":true,"href":"https:\/\/ywatik.com\/fr_fr\/wp-json\/wp\/v2\/product_cat?post=5835"},{"taxonomy":"product_tag","embeddable":true,"href":"https:\/\/ywatik.com\/fr_fr\/wp-json\/wp\/v2\/product_tag?post=5835"}],"curies":[{"name":"wp","href":"https:\/\/api.w.org\/{rel}","templated":true}]}}