{"id":5692,"date":"2024-05-14T17:13:12","date_gmt":"2024-05-14T15:13:12","guid":{"rendered":"https:\/\/ywatik.com\/?post_type=product&#038;p=5692"},"modified":"2025-06-18T14:29:42","modified_gmt":"2025-06-18T12:29:42","slug":"porte-cles-samb-champions-2024","status":"publish","type":"product","link":"https:\/\/ywatik.com\/fr_fr\/product\/porte-cles-samb-champions-2024\/","title":{"rendered":"Porte cl\u00e9s SAMB  2024"},"content":{"rendered":"<p>Achetez la porte cl\u00e9s SAMB \u00e9dition Champions 2024<\/p>\n","protected":false},"excerpt":{"rendered":"<p>Supportez votre \u00e9quipe de football pr\u00e9f\u00e9r\u00e9e SAMB avec les Porte cl\u00e9s SAMB Champions 2024<\/p>\n","protected":false},"featured_media":5845,"template":"","meta":[],"product_brand":[],"product_cat":[294],"product_tag":[],"class_list":{"0":"post-5692","1":"product","2":"type-product","3":"status-publish","4":"has-post-thumbnail","6":"product_cat-samb","8":"first","9":"instock","10":"shipping-taxable","11":"purchasable","12":"product-type-simple"},"_links":{"self":[{"href":"https:\/\/ywatik.com\/fr_fr\/wp-json\/wp\/v2\/product\/5692","targetHints":{"allow":["GET"]}}],"collection":[{"href":"https:\/\/ywatik.com\/fr_fr\/wp-json\/wp\/v2\/product"}],"about":[{"href":"https:\/\/ywatik.com\/fr_fr\/wp-json\/wp\/v2\/types\/product"}],"wp:featuredmedia":[{"embeddable":true,"href":"https:\/\/ywatik.com\/fr_fr\/wp-json\/wp\/v2\/media\/5845"}],"wp:attachment":[{"href":"https:\/\/ywatik.com\/fr_fr\/wp-json\/wp\/v2\/media?parent=5692"}],"wp:term":[{"taxonomy":"product_brand","embeddable":true,"href":"https:\/\/ywatik.com\/fr_fr\/wp-json\/wp\/v2\/product_brand?post=5692"},{"taxonomy":"product_cat","embeddable":true,"href":"https:\/\/ywatik.com\/fr_fr\/wp-json\/wp\/v2\/product_cat?post=5692"},{"taxonomy":"product_tag","embeddable":true,"href":"https:\/\/ywatik.com\/fr_fr\/wp-json\/wp\/v2\/product_tag?post=5692"}],"curies":[{"name":"wp","href":"https:\/\/api.w.org\/{rel}","templated":true}]}}