{"id":5638,"date":"2024-04-23T17:56:15","date_gmt":"2024-04-23T15:56:15","guid":{"rendered":"https:\/\/ywatik.com\/?post_type=product&#038;p=5638"},"modified":"2025-05-28T15:42:08","modified_gmt":"2025-05-28T13:42:08","slug":"t-shirt-samb-2024","status":"publish","type":"product","link":"https:\/\/ywatik.com\/fr_fr\/product\/t-shirt-samb-2024\/","title":{"rendered":"Maillot Domicile 23\/24"},"content":{"rendered":"","protected":false},"excerpt":{"rendered":"<p>Recevez le maillot officiel de votre \u00e9quipe de football pr\u00e9f\u00e9r\u00e9e SAMB.<\/p>\n<p>Qualit\u00e9 : 80% polyester et 20% coton<\/p>\n<p>\u00e9dition champions 2024<\/p>\n","protected":false},"featured_media":5708,"template":"","meta":[],"product_brand":[],"product_cat":[294],"product_tag":[],"class_list":{"0":"post-5638","1":"product","2":"type-product","3":"status-publish","4":"has-post-thumbnail","6":"product_cat-samb","8":"first","9":"instock","10":"sale","11":"shipping-taxable","12":"purchasable","13":"product-type-variable","14":"has-default-attributes"},"_links":{"self":[{"href":"https:\/\/ywatik.com\/fr_fr\/wp-json\/wp\/v2\/product\/5638","targetHints":{"allow":["GET"]}}],"collection":[{"href":"https:\/\/ywatik.com\/fr_fr\/wp-json\/wp\/v2\/product"}],"about":[{"href":"https:\/\/ywatik.com\/fr_fr\/wp-json\/wp\/v2\/types\/product"}],"wp:featuredmedia":[{"embeddable":true,"href":"https:\/\/ywatik.com\/fr_fr\/wp-json\/wp\/v2\/media\/5708"}],"wp:attachment":[{"href":"https:\/\/ywatik.com\/fr_fr\/wp-json\/wp\/v2\/media?parent=5638"}],"wp:term":[{"taxonomy":"product_brand","embeddable":true,"href":"https:\/\/ywatik.com\/fr_fr\/wp-json\/wp\/v2\/product_brand?post=5638"},{"taxonomy":"product_cat","embeddable":true,"href":"https:\/\/ywatik.com\/fr_fr\/wp-json\/wp\/v2\/product_cat?post=5638"},{"taxonomy":"product_tag","embeddable":true,"href":"https:\/\/ywatik.com\/fr_fr\/wp-json\/wp\/v2\/product_tag?post=5638"}],"curies":[{"name":"wp","href":"https:\/\/api.w.org\/{rel}","templated":true}]}}