{"id":5618,"date":"2024-04-22T17:37:24","date_gmt":"2024-04-22T15:37:24","guid":{"rendered":"https:\/\/ywatik.com\/?post_type=product&#038;p=5618"},"modified":"2025-09-05T13:47:14","modified_gmt":"2025-09-05T11:47:14","slug":"t-shirt-samb-gardien","status":"publish","type":"product","link":"https:\/\/ywatik.com\/fr_fr\/product\/t-shirt-samb-gardien\/","title":{"rendered":"Maillot Ext\u00e9rieur 23\/24"},"content":{"rendered":"","protected":false},"excerpt":{"rendered":"<p>Recevez le maillot officiel de votre \u00e9quipe de football pr\u00e9f\u00e9r\u00e9e SAMB.<\/p>\n<p>Qualit\u00e9 : 80% polyester et 20% coton<\/p>\n<p>\u00e9dition champions 2024<\/p>\n","protected":false},"featured_media":5709,"template":"","meta":[],"product_brand":[],"product_cat":[294],"product_tag":[],"class_list":{"0":"post-5618","1":"product","2":"type-product","3":"status-publish","4":"has-post-thumbnail","6":"product_cat-samb","8":"first","9":"instock","10":"sale","11":"shipping-taxable","12":"purchasable","13":"product-type-variable","14":"has-default-attributes"},"_links":{"self":[{"href":"https:\/\/ywatik.com\/fr_fr\/wp-json\/wp\/v2\/product\/5618","targetHints":{"allow":["GET"]}}],"collection":[{"href":"https:\/\/ywatik.com\/fr_fr\/wp-json\/wp\/v2\/product"}],"about":[{"href":"https:\/\/ywatik.com\/fr_fr\/wp-json\/wp\/v2\/types\/product"}],"wp:featuredmedia":[{"embeddable":true,"href":"https:\/\/ywatik.com\/fr_fr\/wp-json\/wp\/v2\/media\/5709"}],"wp:attachment":[{"href":"https:\/\/ywatik.com\/fr_fr\/wp-json\/wp\/v2\/media?parent=5618"}],"wp:term":[{"taxonomy":"product_brand","embeddable":true,"href":"https:\/\/ywatik.com\/fr_fr\/wp-json\/wp\/v2\/product_brand?post=5618"},{"taxonomy":"product_cat","embeddable":true,"href":"https:\/\/ywatik.com\/fr_fr\/wp-json\/wp\/v2\/product_cat?post=5618"},{"taxonomy":"product_tag","embeddable":true,"href":"https:\/\/ywatik.com\/fr_fr\/wp-json\/wp\/v2\/product_tag?post=5618"}],"curies":[{"name":"wp","href":"https:\/\/api.w.org\/{rel}","templated":true}]}}