{"id":4797,"date":"2022-07-28T13:30:22","date_gmt":"2022-07-28T13:30:22","guid":{"rendered":"https:\/\/ywatik.com\/?post_type=product&#038;p=2678"},"modified":"2025-07-17T17:33:33","modified_gmt":"2025-07-17T15:33:33","slug":"t-shirt-eren-yeager","status":"publish","type":"product","link":"https:\/\/ywatik.com\/fr_fr\/product\/t-shirt-eren-yeager\/","title":{"rendered":"T-Shirt Eren Yeager"},"content":{"rendered":"<ul>\n<li><span class=\"Y2IQFc\" lang=\"fr\">Nouvelle collection \u00e9t\u00e9 2022 pour les T-shirts ATTACK ON TITAN, design anime tendance. 100 % coton qui est un tissu extr\u00eamement respirant et actif qui r\u00e9agit aux changements de temp\u00e9rature de votre corps pour vous garder au frais ou au chaud, tr\u00e8s\u00a0 r\u00e9actif et s\u2019\u00e9tire et bouge avec vous, tout en revenant \u00e0 son aspect naturel et en gardant sa forme apr\u00e8s chaque port et lavage.<\/span><\/li>\n<\/ul>\n","protected":false},"excerpt":{"rendered":"<p>T-shirt Eren yeager&rsquo;s attack on titan anime de haute qualit\u00e9<\/p>\n<p>Qualit\u00e9 : 100% coton<\/p>\n<p>Couleur : blanc<\/p>\n","protected":false},"featured_media":3027,"template":"","meta":[],"product_brand":[],"product_cat":[260,302],"product_tag":[205,301],"class_list":{"0":"post-4797","1":"product","2":"type-product","3":"status-publish","4":"has-post-thumbnail","6":"product_cat-fashion","7":"product_cat-t-shirts","8":"product_tag-anime","9":"product_tag-t-shirt","11":"first","12":"instock","13":"sale","14":"shipping-taxable","15":"purchasable","16":"product-type-variable","17":"has-default-attributes"},"_links":{"self":[{"href":"https:\/\/ywatik.com\/fr_fr\/wp-json\/wp\/v2\/product\/4797","targetHints":{"allow":["GET"]}}],"collection":[{"href":"https:\/\/ywatik.com\/fr_fr\/wp-json\/wp\/v2\/product"}],"about":[{"href":"https:\/\/ywatik.com\/fr_fr\/wp-json\/wp\/v2\/types\/product"}],"wp:featuredmedia":[{"embeddable":true,"href":"https:\/\/ywatik.com\/fr_fr\/wp-json\/wp\/v2\/media\/3027"}],"wp:attachment":[{"href":"https:\/\/ywatik.com\/fr_fr\/wp-json\/wp\/v2\/media?parent=4797"}],"wp:term":[{"taxonomy":"product_brand","embeddable":true,"href":"https:\/\/ywatik.com\/fr_fr\/wp-json\/wp\/v2\/product_brand?post=4797"},{"taxonomy":"product_cat","embeddable":true,"href":"https:\/\/ywatik.com\/fr_fr\/wp-json\/wp\/v2\/product_cat?post=4797"},{"taxonomy":"product_tag","embeddable":true,"href":"https:\/\/ywatik.com\/fr_fr\/wp-json\/wp\/v2\/product_tag?post=4797"}],"curies":[{"name":"wp","href":"https:\/\/api.w.org\/{rel}","templated":true}]}}