{"id":4723,"date":"2022-07-23T13:20:10","date_gmt":"2022-07-23T13:20:10","guid":{"rendered":"https:\/\/ywatik.com\/?post_type=product&#038;p=2305"},"modified":"2022-07-23T13:20:10","modified_gmt":"2022-07-23T13:20:10","slug":"one-piece-zoro-mug","status":"publish","type":"product","link":"https:\/\/ywatik.com\/fr_fr\/product\/one-piece-zoro-mug\/","title":{"rendered":"Mug Zoro One Piece"},"content":{"rendered":"<p>Vous \u00eates un fan de One Piece? R\u00e9servez votre tasse de Ywatik avec un design unique<\/p>\n","protected":false},"excerpt":{"rendered":"<div id=\"product-description-short-140\" class=\"product-description\">\n<p>R\u00e9servez le mug de votre anime pr\u00e9f\u00e9r\u00e9.<\/p>\n<\/div>\n","protected":false},"featured_media":2651,"template":"","meta":[],"product_brand":[],"product_cat":[282],"product_tag":[205],"class_list":{"0":"post-4723","1":"product","2":"type-product","3":"status-publish","4":"has-post-thumbnail","6":"product_cat-mug","7":"product_tag-anime","9":"first","10":"instock","11":"shipping-taxable","12":"purchasable","13":"product-type-simple"},"_links":{"self":[{"href":"https:\/\/ywatik.com\/fr_fr\/wp-json\/wp\/v2\/product\/4723","targetHints":{"allow":["GET"]}}],"collection":[{"href":"https:\/\/ywatik.com\/fr_fr\/wp-json\/wp\/v2\/product"}],"about":[{"href":"https:\/\/ywatik.com\/fr_fr\/wp-json\/wp\/v2\/types\/product"}],"wp:featuredmedia":[{"embeddable":true,"href":"https:\/\/ywatik.com\/fr_fr\/wp-json\/wp\/v2\/media\/2651"}],"wp:attachment":[{"href":"https:\/\/ywatik.com\/fr_fr\/wp-json\/wp\/v2\/media?parent=4723"}],"wp:term":[{"taxonomy":"product_brand","embeddable":true,"href":"https:\/\/ywatik.com\/fr_fr\/wp-json\/wp\/v2\/product_brand?post=4723"},{"taxonomy":"product_cat","embeddable":true,"href":"https:\/\/ywatik.com\/fr_fr\/wp-json\/wp\/v2\/product_cat?post=4723"},{"taxonomy":"product_tag","embeddable":true,"href":"https:\/\/ywatik.com\/fr_fr\/wp-json\/wp\/v2\/product_tag?post=4723"}],"curies":[{"name":"wp","href":"https:\/\/api.w.org\/{rel}","templated":true}]}}