{"id":4722,"date":"2022-07-23T13:14:59","date_gmt":"2022-07-23T13:14:59","guid":{"rendered":"https:\/\/ywatik.com\/?post_type=product&#038;p=2303"},"modified":"2025-07-17T17:34:17","modified_gmt":"2025-07-17T15:34:17","slug":"attack-on-titans-mug","status":"publish","type":"product","link":"https:\/\/ywatik.com\/fr_fr\/product\/attack-on-titans-mug\/","title":{"rendered":"Mug Attack on Titans"},"content":{"rendered":"<p>Vivez votre passion avec votre mug\u00a0 ATTACK ON\u00a0 TITAN\u00a0 en \u00e9dition limit\u00e9e au design unique !<\/p>\n","protected":false},"excerpt":{"rendered":"<p>R\u00e9servez le mug de votre anime pr\u00e9f\u00e9r\u00e9.<\/p>\n","protected":false},"featured_media":2650,"template":"","meta":[],"product_brand":[],"product_cat":[282],"product_tag":[205],"class_list":{"0":"post-4722","1":"product","2":"type-product","3":"status-publish","4":"has-post-thumbnail","6":"product_cat-mug","7":"product_tag-anime","9":"first","10":"instock","11":"shipping-taxable","12":"purchasable","13":"product-type-simple"},"_links":{"self":[{"href":"https:\/\/ywatik.com\/fr_fr\/wp-json\/wp\/v2\/product\/4722","targetHints":{"allow":["GET"]}}],"collection":[{"href":"https:\/\/ywatik.com\/fr_fr\/wp-json\/wp\/v2\/product"}],"about":[{"href":"https:\/\/ywatik.com\/fr_fr\/wp-json\/wp\/v2\/types\/product"}],"wp:featuredmedia":[{"embeddable":true,"href":"https:\/\/ywatik.com\/fr_fr\/wp-json\/wp\/v2\/media\/2650"}],"wp:attachment":[{"href":"https:\/\/ywatik.com\/fr_fr\/wp-json\/wp\/v2\/media?parent=4722"}],"wp:term":[{"taxonomy":"product_brand","embeddable":true,"href":"https:\/\/ywatik.com\/fr_fr\/wp-json\/wp\/v2\/product_brand?post=4722"},{"taxonomy":"product_cat","embeddable":true,"href":"https:\/\/ywatik.com\/fr_fr\/wp-json\/wp\/v2\/product_cat?post=4722"},{"taxonomy":"product_tag","embeddable":true,"href":"https:\/\/ywatik.com\/fr_fr\/wp-json\/wp\/v2\/product_tag?post=4722"}],"curies":[{"name":"wp","href":"https:\/\/api.w.org\/{rel}","templated":true}]}}