{"id":2954,"date":"2022-09-07T14:38:13","date_gmt":"2022-09-07T12:38:13","guid":{"rendered":"https:\/\/ywatik.com\/?post_type=product&#038;p=2954"},"modified":"2023-10-26T09:56:12","modified_gmt":"2023-10-26T07:56:12","slug":"masque-africain-2","status":"publish","type":"product","link":"https:\/\/ywatik.com\/fr_fr\/product\/masque-africain-2\/","title":{"rendered":"Masque Africain"},"content":{"rendered":"","protected":false},"excerpt":{"rendered":"<ul class=\"a-unordered-list a-vertical a-spacing-mini\">\n<li><span class=\"a-list-item\">Sculpt\u00e9 \u00e0 la main \u2013 Couleurs contrast\u00e9es et d\u00e9tails exquis<\/span><\/li>\n<li><span class=\"a-list-item\">Excellente id\u00e9e pour toute d\u00e9coration murale de masques tribaux, tiki et africains.<\/span><\/li>\n<li><span class=\"a-list-item\">Dimensions : 40\u2033H x 6\u2033L ;\u00a0Mat\u00e9riaux : Bois d\u2019Albesia<\/span><\/li>\n<li><span class=\"a-list-item\">En raison de la nature artisanale de nos articles, de petites variations de couleur, de forme, de motif ou d\u2019autres caract\u00e9ristiques peuvent \u00eatre \u00e9videntes<\/span><\/li>\n<li><span class=\"a-list-item\">Ce masque africain n\u2019est pas seulement un excellent d\u00e9cor de masque, mais aussi un cadeau id\u00e9al pour les amis et la famille.<\/span><\/li>\n<\/ul>\n","protected":false},"featured_media":2397,"template":"","meta":[],"product_brand":[],"product_cat":[268],"product_tag":[],"class_list":{"0":"post-2954","1":"product","2":"type-product","3":"status-publish","4":"has-post-thumbnail","6":"product_cat-home","8":"first","9":"instock","10":"shipping-taxable","11":"purchasable","12":"product-type-simple"},"_links":{"self":[{"href":"https:\/\/ywatik.com\/fr_fr\/wp-json\/wp\/v2\/product\/2954","targetHints":{"allow":["GET"]}}],"collection":[{"href":"https:\/\/ywatik.com\/fr_fr\/wp-json\/wp\/v2\/product"}],"about":[{"href":"https:\/\/ywatik.com\/fr_fr\/wp-json\/wp\/v2\/types\/product"}],"wp:featuredmedia":[{"embeddable":true,"href":"https:\/\/ywatik.com\/fr_fr\/wp-json\/wp\/v2\/media\/2397"}],"wp:attachment":[{"href":"https:\/\/ywatik.com\/fr_fr\/wp-json\/wp\/v2\/media?parent=2954"}],"wp:term":[{"taxonomy":"product_brand","embeddable":true,"href":"https:\/\/ywatik.com\/fr_fr\/wp-json\/wp\/v2\/product_brand?post=2954"},{"taxonomy":"product_cat","embeddable":true,"href":"https:\/\/ywatik.com\/fr_fr\/wp-json\/wp\/v2\/product_cat?post=2954"},{"taxonomy":"product_tag","embeddable":true,"href":"https:\/\/ywatik.com\/fr_fr\/wp-json\/wp\/v2\/product_tag?post=2954"}],"curies":[{"name":"wp","href":"https:\/\/api.w.org\/{rel}","templated":true}]}}