{"id":2952,"date":"2022-09-07T14:30:06","date_gmt":"2022-09-07T12:30:06","guid":{"rendered":"https:\/\/ywatik.com\/?post_type=product&#038;p=2952"},"modified":"2023-10-26T09:56:19","modified_gmt":"2023-10-26T07:56:19","slug":"masque-africain-3","status":"publish","type":"product","link":"https:\/\/ywatik.com\/fr_fr\/product\/masque-africain-3\/","title":{"rendered":"Masque africain"},"content":{"rendered":"","protected":false},"excerpt":{"rendered":"<div id=\"featurebullets_feature_div\" class=\"celwidget\" data-feature-name=\"featurebullets\" data-csa-c-id=\"qbl2kh-h8mael-5fmec9-1bsypb\">\n<div id=\"feature-bullets\" class=\"a-section a-spacing-medium a-spacing-top-small\">\n<ul class=\"a-unordered-list a-vertical a-spacing-mini\">\n<li><span class=\"a-list-item\"><span>Sculpt\u00e9 \u00e0 la main &#8211; Couleurs contrast\u00e9es et d\u00e9tails exquis<\/span><\/span><\/li>\n<li><span class=\"a-list-item\"><span>Excellente id\u00e9e pour toute d\u00e9coration murale de masques tribaux, tiki et africains.<\/span><\/span><\/li>\n<li><span class=\"a-list-item\"><span>Dimensions : 40&Prime;H x 6&Prime;L ;\u00a0Mat\u00e9riaux : Bois d&rsquo;Albesia<\/span><\/span><\/li>\n<li><span class=\"a-list-item\"><span>En raison de la nature artisanale de nos articles, de petites variations de couleur, de forme, de motif ou d&rsquo;autres caract\u00e9ristiques peuvent \u00eatre \u00e9videntes<\/span><\/span><\/li>\n<li><span class=\"a-list-item\"><span>Ce masque africain n&rsquo;est pas seulement un excellent d\u00e9cor de masque, mais aussi un cadeau id\u00e9al pour les amis et la famille.<\/span><\/span><\/li>\n<\/ul>\n<\/div>\n<\/div>\n<div id=\"provenanceCertifications_feature_div\" class=\"celwidget\" data-feature-name=\"provenanceCertifications\" data-csa-c-id=\"3zbq31-al4x48-huz035-bi24db\"><\/div>\n<div id=\"serviceCapabilities_feature_div\" class=\"celwidget\" data-feature-name=\"serviceCapabilities\" data-csa-c-id=\"rr1pg9-udnvsv-bjk56r-ukwfc9\"><\/div>\n","protected":false},"featured_media":2396,"template":"","meta":[],"product_brand":[],"product_cat":[268],"product_tag":[],"class_list":{"0":"post-2952","1":"product","2":"type-product","3":"status-publish","4":"has-post-thumbnail","6":"product_cat-home","8":"first","9":"instock","10":"shipping-taxable","11":"purchasable","12":"product-type-simple"},"_links":{"self":[{"href":"https:\/\/ywatik.com\/fr_fr\/wp-json\/wp\/v2\/product\/2952","targetHints":{"allow":["GET"]}}],"collection":[{"href":"https:\/\/ywatik.com\/fr_fr\/wp-json\/wp\/v2\/product"}],"about":[{"href":"https:\/\/ywatik.com\/fr_fr\/wp-json\/wp\/v2\/types\/product"}],"wp:featuredmedia":[{"embeddable":true,"href":"https:\/\/ywatik.com\/fr_fr\/wp-json\/wp\/v2\/media\/2396"}],"wp:attachment":[{"href":"https:\/\/ywatik.com\/fr_fr\/wp-json\/wp\/v2\/media?parent=2952"}],"wp:term":[{"taxonomy":"product_brand","embeddable":true,"href":"https:\/\/ywatik.com\/fr_fr\/wp-json\/wp\/v2\/product_brand?post=2952"},{"taxonomy":"product_cat","embeddable":true,"href":"https:\/\/ywatik.com\/fr_fr\/wp-json\/wp\/v2\/product_cat?post=2952"},{"taxonomy":"product_tag","embeddable":true,"href":"https:\/\/ywatik.com\/fr_fr\/wp-json\/wp\/v2\/product_tag?post=2952"}],"curies":[{"name":"wp","href":"https:\/\/api.w.org\/{rel}","templated":true}]}}