{"id":2867,"date":"2022-08-11T15:29:56","date_gmt":"2022-08-11T13:29:56","guid":{"rendered":"https:\/\/ywatik.com\/?post_type=product&#038;p=2867"},"modified":"2025-07-17T17:33:50","modified_gmt":"2025-07-17T15:33:50","slug":"t-shirt-akatsuki","status":"publish","type":"product","link":"https:\/\/ywatik.com\/fr_fr\/product\/t-shirt-akatsuki\/","title":{"rendered":"T-Shirt Akatsuki"},"content":{"rendered":"<div class=\"row\">\n<div class=\"large-12 columns\">\n<div class=\"product-details\">\n<div class=\"nasa-tabs-content woocommerce-tabs nasa-classic-style nasa-classic-2d nasa-tabs-no-border\">\n<div class=\"nasa-panels\">\n<div id=\"nasa-tab-description\" class=\"nasa-panel entry-content active first\">\n<div class=\"nasa-panel-block\">\n<ul>\n<li id=\"tw-target-text\" class=\"tw-data-text tw-text-large tw-ta\" dir=\"ltr\" data-placeholder=\"Traduction\"><span class=\"Y2IQFc\" lang=\"fr\">Nouvelle collection \u00e9t\u00e9 2022 pour les T-shirts Akatsuki, design anime tendance. 100 % coton qui est un tissu extr\u00eamement respirant et actif qui r\u00e9agit aux changements de temp\u00e9rature de votre corps pour vous garder au frais ou au chaud, tr\u00e8s\u00a0 r\u00e9actif et s&rsquo;\u00e9tire et bouge avec vous, tout en revenant \u00e0 son aspect naturel et en gardant sa forme apr\u00e8s chaque port et lavage.<\/span><\/li>\n<\/ul>\n<\/div>\n<\/div>\n<\/div>\n<\/div>\n<\/div>\n<\/div>\n<\/div>\n","protected":false},"excerpt":{"rendered":"<p>T-Shirt de haute qualit\u00e9 Akatsuki &#8211; Naruto anime<\/p>\n<p>Qualit\u00e9 : 100% coton<\/p>\n<p>Couleur : Rouge<\/p>\n","protected":false},"featured_media":2391,"template":"","meta":[],"product_brand":[],"product_cat":[260,302],"product_tag":[205,301],"class_list":{"0":"post-2867","1":"product","2":"type-product","3":"status-publish","4":"has-post-thumbnail","6":"product_cat-fashion","7":"product_cat-t-shirts","8":"product_tag-anime","9":"product_tag-t-shirt","11":"first","12":"instock","13":"sale","14":"shipping-taxable","15":"purchasable","16":"product-type-variable","17":"has-default-attributes"},"_links":{"self":[{"href":"https:\/\/ywatik.com\/fr_fr\/wp-json\/wp\/v2\/product\/2867","targetHints":{"allow":["GET"]}}],"collection":[{"href":"https:\/\/ywatik.com\/fr_fr\/wp-json\/wp\/v2\/product"}],"about":[{"href":"https:\/\/ywatik.com\/fr_fr\/wp-json\/wp\/v2\/types\/product"}],"wp:featuredmedia":[{"embeddable":true,"href":"https:\/\/ywatik.com\/fr_fr\/wp-json\/wp\/v2\/media\/2391"}],"wp:attachment":[{"href":"https:\/\/ywatik.com\/fr_fr\/wp-json\/wp\/v2\/media?parent=2867"}],"wp:term":[{"taxonomy":"product_brand","embeddable":true,"href":"https:\/\/ywatik.com\/fr_fr\/wp-json\/wp\/v2\/product_brand?post=2867"},{"taxonomy":"product_cat","embeddable":true,"href":"https:\/\/ywatik.com\/fr_fr\/wp-json\/wp\/v2\/product_cat?post=2867"},{"taxonomy":"product_tag","embeddable":true,"href":"https:\/\/ywatik.com\/fr_fr\/wp-json\/wp\/v2\/product_tag?post=2867"}],"curies":[{"name":"wp","href":"https:\/\/api.w.org\/{rel}","templated":true}]}}