{"id":2849,"date":"2022-08-11T14:37:06","date_gmt":"2022-08-11T12:37:06","guid":{"rendered":"https:\/\/ywatik.com\/?post_type=product&#038;p=2849"},"modified":"2024-09-23T03:45:33","modified_gmt":"2024-09-23T01:45:33","slug":"t-shirt-d-ace","status":"publish","type":"product","link":"https:\/\/ywatik.com\/fr_fr\/product\/t-shirt-d-ace\/","title":{"rendered":"T-Shirt D-ACE"},"content":{"rendered":"<p>Nouvelle collection \u00e9t\u00e9 2022 T-shirts pour le dernier chapitre de One Piece, design anime tendance. 100 % coton qui est un tissu extr\u00eamement respirant et actif qui r\u00e9agit aux changements de temp\u00e9rature de votre corps pour vous garder au frais ou au chaud, tr\u00e8s r\u00e9actif et s&rsquo;\u00e9tire et bouge avec vous, tout en revenant \u00e0 son aspect naturel et en gardant sa forme apr\u00e8s chaque usure et lavage. .<\/p>\n","protected":false},"excerpt":{"rendered":"<p>T-shirt D-Ace one piece anime de haute qualit\u00e9<\/p>\n<p>Qualit\u00e9 : 100% coton<\/p>\n<p>Couleur : noir<\/p>\n","protected":false},"featured_media":2362,"template":"","meta":[],"product_brand":[],"product_cat":[260,302],"product_tag":[205,301],"class_list":{"0":"post-2849","1":"product","2":"type-product","3":"status-publish","4":"has-post-thumbnail","6":"product_cat-fashion","7":"product_cat-t-shirts","8":"product_tag-anime","9":"product_tag-t-shirt","11":"first","12":"instock","13":"sale","14":"shipping-taxable","15":"purchasable","16":"product-type-variable","17":"has-default-attributes"},"_links":{"self":[{"href":"https:\/\/ywatik.com\/fr_fr\/wp-json\/wp\/v2\/product\/2849","targetHints":{"allow":["GET"]}}],"collection":[{"href":"https:\/\/ywatik.com\/fr_fr\/wp-json\/wp\/v2\/product"}],"about":[{"href":"https:\/\/ywatik.com\/fr_fr\/wp-json\/wp\/v2\/types\/product"}],"wp:featuredmedia":[{"embeddable":true,"href":"https:\/\/ywatik.com\/fr_fr\/wp-json\/wp\/v2\/media\/2362"}],"wp:attachment":[{"href":"https:\/\/ywatik.com\/fr_fr\/wp-json\/wp\/v2\/media?parent=2849"}],"wp:term":[{"taxonomy":"product_brand","embeddable":true,"href":"https:\/\/ywatik.com\/fr_fr\/wp-json\/wp\/v2\/product_brand?post=2849"},{"taxonomy":"product_cat","embeddable":true,"href":"https:\/\/ywatik.com\/fr_fr\/wp-json\/wp\/v2\/product_cat?post=2849"},{"taxonomy":"product_tag","embeddable":true,"href":"https:\/\/ywatik.com\/fr_fr\/wp-json\/wp\/v2\/product_tag?post=2849"}],"curies":[{"name":"wp","href":"https:\/\/api.w.org\/{rel}","templated":true}]}}