{"id":2482,"date":"2022-07-26T11:27:40","date_gmt":"2022-07-26T09:27:40","guid":{"rendered":"https:\/\/ywatik.com\/?post_type=product&#038;p=2482"},"modified":"2023-10-26T10:01:16","modified_gmt":"2023-10-26T08:01:16","slug":"casquette-bts","status":"publish","type":"product","link":"https:\/\/ywatik.com\/fr_fr\/product\/casquette-bts\/","title":{"rendered":"Casquette BTS"},"content":{"rendered":"<div id=\"product-description-short-82\" class=\"product-description\">\n<p><span class=\"Y2IQFc\" lang=\"fr\">profitez de votre musique pr\u00e9f\u00e9r\u00e9e<\/span> avec votre casquette BTS\u00a0 en \u00e9dition limit\u00e9e au design unique !<\/p>\n<\/div>\n<div class=\"product-actions js-product-actions\">\n<form id=\"add-to-cart-or-refresh\" action=\"https:\/\/ywatik.com\/index.php?controller=cart\" method=\"post\">\n<div class=\"product-variants js-product-variants\"><\/div>\n<section class=\"product-discounts js-product-discounts\"><\/section>\n<div class=\"product-add-to-cart js-product-add-to-cart\"><\/div>\n<\/form>\n<\/div>\n","protected":false},"excerpt":{"rendered":"<div id=\"product-description-short-82\" class=\"product-description\">\n<p>Get your limited edition cap which is with a unique design !<\/p>\n<\/div>\n<div class=\"product-actions js-product-actions\">\n<form id=\"add-to-cart-or-refresh\" action=\"https:\/\/ywatik.com\/index.php?controller=cart\" method=\"post\">\n<div class=\"product-variants js-product-variants\"><\/div>\n<section class=\"product-discounts js-product-discounts\"><\/section>\n<div class=\"product-add-to-cart js-product-add-to-cart\"><\/div>\n<\/form>\n<\/div>\n","protected":false},"featured_media":2304,"template":"","meta":[],"product_brand":[],"product_cat":[332,260],"product_tag":[284],"class_list":{"0":"post-2482","1":"product","2":"type-product","3":"status-publish","4":"has-post-thumbnail","6":"product_cat-casquettes","7":"product_cat-fashion","8":"product_tag-music","10":"first","11":"instock","12":"shipping-taxable","13":"purchasable","14":"product-type-simple"},"_links":{"self":[{"href":"https:\/\/ywatik.com\/fr_fr\/wp-json\/wp\/v2\/product\/2482","targetHints":{"allow":["GET"]}}],"collection":[{"href":"https:\/\/ywatik.com\/fr_fr\/wp-json\/wp\/v2\/product"}],"about":[{"href":"https:\/\/ywatik.com\/fr_fr\/wp-json\/wp\/v2\/types\/product"}],"wp:featuredmedia":[{"embeddable":true,"href":"https:\/\/ywatik.com\/fr_fr\/wp-json\/wp\/v2\/media\/2304"}],"wp:attachment":[{"href":"https:\/\/ywatik.com\/fr_fr\/wp-json\/wp\/v2\/media?parent=2482"}],"wp:term":[{"taxonomy":"product_brand","embeddable":true,"href":"https:\/\/ywatik.com\/fr_fr\/wp-json\/wp\/v2\/product_brand?post=2482"},{"taxonomy":"product_cat","embeddable":true,"href":"https:\/\/ywatik.com\/fr_fr\/wp-json\/wp\/v2\/product_cat?post=2482"},{"taxonomy":"product_tag","embeddable":true,"href":"https:\/\/ywatik.com\/fr_fr\/wp-json\/wp\/v2\/product_tag?post=2482"}],"curies":[{"name":"wp","href":"https:\/\/api.w.org\/{rel}","templated":true}]}}