{"id":2434,"date":"2023-09-04T17:26:26","date_gmt":"2023-09-04T15:26:26","guid":{"rendered":"https:\/\/dev.ywatik.com\/?post_type=product&#038;p=2434"},"modified":"2023-10-26T09:54:43","modified_gmt":"2023-10-26T07:54:43","slug":"import-placeholder-for-3529","status":"publish","type":"product","link":"https:\/\/ywatik.com\/fr_fr\/product\/import-placeholder-for-3529\/","title":{"rendered":"Mug Ironman"},"content":{"rendered":"<p>Profitez de votre s\u00e9rie\u00a0 pr\u00e9f\u00e9r\u00e9e\u00a0 avec votre mug\u00a0 IRONMAN\u00a0 en \u00e9dition limit\u00e9e au design unique !<\/p>\n<p>&nbsp;<\/p>\n","protected":false},"excerpt":{"rendered":"<p>\u00cates-vous un fan des films? R\u00e9servez votre tasse IRONMAN avec un design unique<\/p>\n","protected":false},"featured_media":2268,"template":"","meta":[],"product_brand":[],"product_cat":[282],"product_tag":[281],"class_list":{"0":"post-2434","1":"product","2":"type-product","3":"status-publish","4":"has-post-thumbnail","6":"product_cat-mug","7":"product_tag-movie","9":"first","10":"instock","11":"shipping-taxable","12":"purchasable","13":"product-type-simple"},"_links":{"self":[{"href":"https:\/\/ywatik.com\/fr_fr\/wp-json\/wp\/v2\/product\/2434","targetHints":{"allow":["GET"]}}],"collection":[{"href":"https:\/\/ywatik.com\/fr_fr\/wp-json\/wp\/v2\/product"}],"about":[{"href":"https:\/\/ywatik.com\/fr_fr\/wp-json\/wp\/v2\/types\/product"}],"wp:featuredmedia":[{"embeddable":true,"href":"https:\/\/ywatik.com\/fr_fr\/wp-json\/wp\/v2\/media\/2268"}],"wp:attachment":[{"href":"https:\/\/ywatik.com\/fr_fr\/wp-json\/wp\/v2\/media?parent=2434"}],"wp:term":[{"taxonomy":"product_brand","embeddable":true,"href":"https:\/\/ywatik.com\/fr_fr\/wp-json\/wp\/v2\/product_brand?post=2434"},{"taxonomy":"product_cat","embeddable":true,"href":"https:\/\/ywatik.com\/fr_fr\/wp-json\/wp\/v2\/product_cat?post=2434"},{"taxonomy":"product_tag","embeddable":true,"href":"https:\/\/ywatik.com\/fr_fr\/wp-json\/wp\/v2\/product_tag?post=2434"}],"curies":[{"name":"wp","href":"https:\/\/api.w.org\/{rel}","templated":true}]}}