{"id":2373,"date":"2023-09-04T17:25:55","date_gmt":"2023-09-04T15:25:55","guid":{"rendered":"https:\/\/dev.ywatik.com\/?post_type=product&#038;p=2373"},"modified":"2023-10-26T09:54:54","modified_gmt":"2023-10-26T07:54:54","slug":"import-placeholder-for-2957","status":"publish","type":"product","link":"https:\/\/ywatik.com\/fr_fr\/product\/import-placeholder-for-2957\/","title":{"rendered":"Casquette Rick &#038; Morty"},"content":{"rendered":"<div id=\"product-description-short-92\" class=\"product-description\">\n<p>Profitez de votre s\u00e9rie\u00a0 pr\u00e9f\u00e9r\u00e9e\u00a0 avec votre casquette RICK &amp; MORTY\u00a0 en \u00e9dition limit\u00e9e au design unique !<\/p>\n<\/div>\n<div class=\"product-actions js-product-actions\">\n<form id=\"add-to-cart-or-refresh\" action=\"https:\/\/ywatik.com\/index.php?controller=cart\" method=\"post\">\n<div class=\"product-variants js-product-variants\"><\/div>\n<section class=\"product-discounts js-product-discounts\"><\/section>\n<div class=\"product-add-to-cart js-product-add-to-cart\"><\/div>\n<\/form>\n<\/div>\n","protected":false},"excerpt":{"rendered":"<div id=\"product-description-short-92\" class=\"product-description\">\n<p>Get your limited edition cap which is with a unique design !<\/p>\n<\/div>\n<div class=\"product-actions js-product-actions\">\n<form id=\"add-to-cart-or-refresh\" action=\"https:\/\/ywatik.com\/index.php?controller=cart\" method=\"post\">\n<div class=\"product-variants js-product-variants\"><\/div>\n<section class=\"product-discounts js-product-discounts\"><\/section>\n<div class=\"product-add-to-cart js-product-add-to-cart\"><\/div>\n<\/form>\n<\/div>\n","protected":false},"featured_media":2190,"template":"","meta":[],"product_brand":[],"product_cat":[332],"product_tag":[297],"class_list":{"0":"post-2373","1":"product","2":"type-product","3":"status-publish","4":"has-post-thumbnail","6":"product_cat-casquettes","7":"product_tag-series","9":"first","10":"outofstock","11":"shipping-taxable","12":"purchasable","13":"product-type-simple"},"_links":{"self":[{"href":"https:\/\/ywatik.com\/fr_fr\/wp-json\/wp\/v2\/product\/2373","targetHints":{"allow":["GET"]}}],"collection":[{"href":"https:\/\/ywatik.com\/fr_fr\/wp-json\/wp\/v2\/product"}],"about":[{"href":"https:\/\/ywatik.com\/fr_fr\/wp-json\/wp\/v2\/types\/product"}],"wp:featuredmedia":[{"embeddable":true,"href":"https:\/\/ywatik.com\/fr_fr\/wp-json\/wp\/v2\/media\/2190"}],"wp:attachment":[{"href":"https:\/\/ywatik.com\/fr_fr\/wp-json\/wp\/v2\/media?parent=2373"}],"wp:term":[{"taxonomy":"product_brand","embeddable":true,"href":"https:\/\/ywatik.com\/fr_fr\/wp-json\/wp\/v2\/product_brand?post=2373"},{"taxonomy":"product_cat","embeddable":true,"href":"https:\/\/ywatik.com\/fr_fr\/wp-json\/wp\/v2\/product_cat?post=2373"},{"taxonomy":"product_tag","embeddable":true,"href":"https:\/\/ywatik.com\/fr_fr\/wp-json\/wp\/v2\/product_tag?post=2373"}],"curies":[{"name":"wp","href":"https:\/\/api.w.org\/{rel}","templated":true}]}}