{"id":828,"date":"2017-07-05T07:07:00","date_gmt":"2017-07-05T07:07:00","guid":{"rendered":"http:\/\/dummy.xtemos.com\/woodmart\/demos\/?page_id=828"},"modified":"2017-07-05T07:07:00","modified_gmt":"2017-07-05T07:07:00","slug":"top-rated-products","status":"publish","type":"page","link":"https:\/\/ywatik.com\/fr_fr\/top-rated-products\/","title":{"rendered":"Top Rated Products"},"content":{"rendered":"<section class=\"wpb-content-wrapper\"><div class=\"vc_row wpb_row vc_row-fluid\"><div class=\"wpb_column vc_column_container vc_col-sm-12\"><div class=\"vc_column-inner\"><div class=\"wpb_wrapper\">\t\t\n\t\t<div id=\"wd-69e03d5b07932\" class=\"title-wrapper  woodmart-title-color-primary woodmart-title-style-bordered woodmart-title-width-100 text-center woodmart-title-size-default vc_custom_1474542368296\">\n\t\t\t\t\t\t\t<div class=\"title-subtitle  font-default subtitle-style-default woodmart-font-weight-\">WOOCOMMERCE<\/div>\n\t\t\t\t\t\t\n\t\t\t<div class=\"liner-continer\">\n\t\t\t\t<span class=\"left-line\"><\/span>\n\t\t\t\t<h4 class=\"woodmart-title-container title  woodmart-font-weight-\" > <strong>5 STARS PRODUCTS<\/strong><\/h4>\t\t\t\t\t\t\t\t<span class=\"right-line\"><\/span>\n\t\t\t<\/div>\n\t\t\t\n\t\t\t\t\t\t\t<div class=\"title-after_title\">Products with all positive feedbacks<\/div>\n\t\t\t\t\t\t\n\t\t\t\t\t<\/div>\n\t\t\n\t\t<div class=\"woocommerce columns-3 \">\n<div class=\"products elements-grid align-items-start woodmart-products-holder  woodmart-spacing-20 pagination-pagination row grid-columns-3\" data-source=\"main_loop\" data-min_price=\"\" data-max_price=\"\"><div class=\"product-grid-item product woodmart-hover-button  col-md-4 col-6 first  type-product post-4722 status-publish first instock product_cat-mug product_tag-anime has-post-thumbnail shipping-taxable purchasable product-type-simple\" data-loop=\"1\" data-id=\"4722\">\n\n\t\n<div class=\"product-element-top\">\n\t<a href=\"https:\/\/ywatik.com\/fr_fr\/product\/attack-on-titans-mug\/\" class=\"product-image-link\">\n\t\t<img loading=\"lazy\" decoding=\"async\" width=\"500\" height=\"500\" src=\"https:\/\/ywatik.com\/wp-content\/uploads\/2022\/07\/ATTACK-ON-TITANS-MUG.png\" class=\"attachment-woocommerce_thumbnail size-woocommerce_thumbnail\" alt=\"\" srcset=\"https:\/\/ywatik.com\/wp-content\/uploads\/2022\/07\/ATTACK-ON-TITANS-MUG.png 500w, https:\/\/ywatik.com\/wp-content\/uploads\/2022\/07\/ATTACK-ON-TITANS-MUG-300x300.png 300w, https:\/\/ywatik.com\/wp-content\/uploads\/2022\/07\/ATTACK-ON-TITANS-MUG-150x150.png 150w, https:\/\/ywatik.com\/wp-content\/uploads\/2022\/07\/ATTACK-ON-TITANS-MUG-380x380.png 380w, https:\/\/ywatik.com\/wp-content\/uploads\/2022\/07\/ATTACK-ON-TITANS-MUG-450x450.png 450w, https:\/\/ywatik.com\/wp-content\/uploads\/2022\/07\/ATTACK-ON-TITANS-MUG-100x100.png 100w\" sizes=\"auto, (max-width: 500px) 100vw, 500px\" \/>\t<\/a>\n\t\t<div class=\"woodmart-add-btn wd-add-btn-replace\">\n\t\t<a href=\"\/fr_fr\/wp-json\/wp\/v2\/pages\/828?add-to-cart=4722\" data-quantity=\"1\" class=\"button product_type_simple add_to_cart_button ajax_add_to_cart add-to-cart-loop\" data-product_id=\"4722\" data-product_sku=\"MNA3\" aria-label=\"Ajouter au panier\u00a0: &ldquo;Mug Attack on Titans&rdquo;\" rel=\"nofollow\" data-success_message=\"\u00ab\u00a0Mug Attack on Titans\u00a0\u00bb a \u00e9t\u00e9 ajout\u00e9 \u00e0 votre panier\" role=\"button\"><span>Ajouter au panier<\/span><\/a>\t<\/div> \n\t<div class=\"woodmart-buttons wd-pos-r-t color-scheme-light\">\n\t\t\t\t\t<div class=\"woodmart-compare-btn product-compare-button wd-action-btn wd-compare-btn wd-style-icon\">\n\t\t\t\t<a href=\"https:\/\/ywatik.com\/fr_fr\/compare\/\" data-id=\"4722\" data-added-text=\"Compare products\">\n\t\t\t\t\tCompare\t\t\t\t<\/a>\n\t\t\t<\/div>\n\t\t\t\t\t\t\t<div class=\"quick-view wd-action-btn wd-quick-view-btn wd-style-icon\">\n\t\t\t\t<a \n\t\t\t\t\thref=\"https:\/\/ywatik.com\/fr_fr\/product\/attack-on-titans-mug\/\" \n\t\t\t\t\tclass=\"open-quick-view quick-view-button\"\n\t\t\t\t\tdata-id=\"4722\">Quick view<\/a>\n\t\t\t<\/div>\n\t\t\t\t\t\t\t<div class=\"woodmart-wishlist-btn wd-action-btn wd-wishlist-btn wd-style-icon\">\n\t\t\t\t<a href=\"https:\/\/ywatik.com\/fr_fr\/wishlist\/\" data-key=\"be0385a8d6\" data-product-id=\"4722\" data-added-text=\"Browse Wishlist\">Add to wishlist<\/a>\n\t\t\t<\/div>\n\t\t\t<\/div>\n\t\t\t\t<div class=\"quick-shop-wrapper\">\n\t\t\t\t<div class=\"quick-shop-close wd-cross-button wd-size-s wd-with-text-left\"><span>Close<\/span><\/div>\n\t\t\t\t<div class=\"quick-shop-form\">\n\t\t\t\t<\/div>\n\t\t\t<\/div>\n\t\t<\/div>\n<h3 class=\"product-title\"><a href=\"https:\/\/ywatik.com\/fr_fr\/product\/attack-on-titans-mug\/\">Mug Attack on Titans<\/a><\/h3>\n\t<span class=\"price\"><span class=\"woocommerce-Price-amount amount\"><bdi>21.50&nbsp;<span class=\"woocommerce-Price-currencySymbol\">&#x62f;.&#x62a;<\/span><\/bdi><\/span><\/span>\n\n\n\n<\/div>\t\n<div class=\"product-grid-item wd-with-labels product woodmart-hover-button  col-md-4 col-6 type-product post-5923 status-publish instock product_cat-samb has-post-thumbnail sale shipping-taxable purchasable product-type-variable\" data-loop=\"2\" data-id=\"5923\">\n\n\t\n<div class=\"product-element-top\">\n\t<a href=\"https:\/\/ywatik.com\/fr_fr\/product\/tenue-enfant-domicile-23-24\/\" class=\"product-image-link\">\n\t\t<div class=\"product-labels labels-rounded\"><span class=\"onsale product-label\">-42%<\/span><\/div><img loading=\"lazy\" decoding=\"async\" width=\"500\" height=\"500\" src=\"https:\/\/ywatik.com\/wp-content\/uploads\/2025\/03\/grrn.png\" class=\"attachment-woocommerce_thumbnail size-woocommerce_thumbnail\" alt=\"\" srcset=\"https:\/\/ywatik.com\/wp-content\/uploads\/2025\/03\/grrn.png 500w, https:\/\/ywatik.com\/wp-content\/uploads\/2025\/03\/grrn-100x100.png 100w, https:\/\/ywatik.com\/wp-content\/uploads\/2025\/03\/grrn-300x300.png 300w, https:\/\/ywatik.com\/wp-content\/uploads\/2025\/03\/grrn-150x150.png 150w, https:\/\/ywatik.com\/wp-content\/uploads\/2025\/03\/grrn-380x380.png 380w, https:\/\/ywatik.com\/wp-content\/uploads\/2025\/03\/grrn-450x450.png 450w\" sizes=\"auto, (max-width: 500px) 100vw, 500px\" \/>\t<\/a>\n\t\t\t\t<div class=\"hover-img\">\n\t\t\t\t<a href=\"https:\/\/ywatik.com\/fr_fr\/product\/tenue-enfant-domicile-23-24\/\">\n\t\t\t\t\t<img loading=\"lazy\" decoding=\"async\" width=\"500\" height=\"500\" src=\"https:\/\/ywatik.com\/wp-content\/uploads\/2025\/03\/grrnn.png\" class=\"attachment-woocommerce_thumbnail size-woocommerce_thumbnail\" alt=\"\" srcset=\"https:\/\/ywatik.com\/wp-content\/uploads\/2025\/03\/grrnn.png 500w, https:\/\/ywatik.com\/wp-content\/uploads\/2025\/03\/grrnn-100x100.png 100w, https:\/\/ywatik.com\/wp-content\/uploads\/2025\/03\/grrnn-300x300.png 300w, https:\/\/ywatik.com\/wp-content\/uploads\/2025\/03\/grrnn-150x150.png 150w, https:\/\/ywatik.com\/wp-content\/uploads\/2025\/03\/grrnn-380x380.png 380w, https:\/\/ywatik.com\/wp-content\/uploads\/2025\/03\/grrnn-450x450.png 450w\" sizes=\"auto, (max-width: 500px) 100vw, 500px\" \/>\t\t\t\t<\/a>\n\t\t\t<\/div>\n\t\t\t<div class=\"woodmart-add-btn wd-add-btn-replace\">\n\t\t<a href=\"https:\/\/ywatik.com\/fr_fr\/product\/tenue-enfant-domicile-23-24\/\" data-quantity=\"1\" class=\"button product_type_variable add_to_cart_button add-to-cart-loop\" data-product_id=\"5923\" data-product_sku=\"\" aria-label=\"S\u00e9lectionner les options pour &ldquo;Tenue Enfant Domicile 23\/24&rdquo;\" rel=\"nofollow\"><span>Choix des options<\/span><\/a>\t<\/div> \n\t<div class=\"woodmart-buttons wd-pos-r-t color-scheme-light\">\n\t\t\t\t\t<div class=\"woodmart-compare-btn product-compare-button wd-action-btn wd-compare-btn wd-style-icon\">\n\t\t\t\t<a href=\"https:\/\/ywatik.com\/fr_fr\/compare\/\" data-id=\"5923\" data-added-text=\"Compare products\">\n\t\t\t\t\tCompare\t\t\t\t<\/a>\n\t\t\t<\/div>\n\t\t\t\t\t\t\t<div class=\"quick-view wd-action-btn wd-quick-view-btn wd-style-icon\">\n\t\t\t\t<a \n\t\t\t\t\thref=\"https:\/\/ywatik.com\/fr_fr\/product\/tenue-enfant-domicile-23-24\/\" \n\t\t\t\t\tclass=\"open-quick-view quick-view-button\"\n\t\t\t\t\tdata-id=\"5923\">Quick view<\/a>\n\t\t\t<\/div>\n\t\t\t\t\t\t\t<div class=\"woodmart-wishlist-btn wd-action-btn wd-wishlist-btn wd-style-icon\">\n\t\t\t\t<a href=\"https:\/\/ywatik.com\/fr_fr\/wishlist\/\" data-key=\"be0385a8d6\" data-product-id=\"5923\" data-added-text=\"Browse Wishlist\">Add to wishlist<\/a>\n\t\t\t<\/div>\n\t\t\t<\/div>\n\t\t\t\t<div class=\"quick-shop-wrapper\">\n\t\t\t\t<div class=\"quick-shop-close wd-cross-button wd-size-s wd-with-text-left\"><span>Close<\/span><\/div>\n\t\t\t\t<div class=\"quick-shop-form\">\n\t\t\t\t<\/div>\n\t\t\t<\/div>\n\t\t<\/div>\n<h3 class=\"product-title\"><a href=\"https:\/\/ywatik.com\/fr_fr\/product\/tenue-enfant-domicile-23-24\/\">Tenue Enfant Domicile 23\/24<\/a><\/h3>\n\t<span class=\"price\"><del aria-hidden=\"true\"><span class=\"woocommerce-Price-amount amount\"><bdi>60.00&nbsp;<span class=\"woocommerce-Price-currencySymbol\">&#x62f;.&#x62a;<\/span><\/bdi><\/span><\/del> <span class=\"screen-reader-text\">Le prix initial \u00e9tait\u00a0: 60.00&nbsp;&#x62f;.&#x62a;.<\/span><ins aria-hidden=\"true\"><span class=\"woocommerce-Price-amount amount\"><bdi>35.00&nbsp;<span class=\"woocommerce-Price-currencySymbol\">&#x62f;.&#x62a;<\/span><\/bdi><\/span><\/ins><span class=\"screen-reader-text\">Le prix actuel est\u00a0: 35.00&nbsp;&#x62f;.&#x62a;.<\/span><\/span>\n\n\n\n<\/div>\t\n<div class=\"product-grid-item wd-with-labels product woodmart-hover-button  col-md-4 col-6 last  type-product post-2844 status-publish last instock product_cat-fashion product_cat-t-shirts product_tag-t-shirt product_tag-tun619 has-post-thumbnail sale shipping-taxable purchasable product-type-variable has-default-attributes\" data-loop=\"3\" data-id=\"2844\">\n\n\t\n<div class=\"product-element-top\">\n\t<a href=\"https:\/\/ywatik.com\/fr_fr\/product\/t-shirt-made-in-tunisia\/\" class=\"product-image-link\">\n\t\t<div class=\"product-labels labels-rounded\"><span class=\"onsale product-label\">-20%<\/span><\/div><img loading=\"lazy\" decoding=\"async\" width=\"500\" height=\"500\" src=\"https:\/\/ywatik.com\/wp-content\/uploads\/2023\/09\/T-SHIRT-MADE-IN-TUNISIA-1.png\" class=\"attachment-woocommerce_thumbnail size-woocommerce_thumbnail\" alt=\"\" srcset=\"https:\/\/ywatik.com\/wp-content\/uploads\/2023\/09\/T-SHIRT-MADE-IN-TUNISIA-1.png 500w, https:\/\/ywatik.com\/wp-content\/uploads\/2023\/09\/T-SHIRT-MADE-IN-TUNISIA-1-300x300.png 300w, https:\/\/ywatik.com\/wp-content\/uploads\/2023\/09\/T-SHIRT-MADE-IN-TUNISIA-1-150x150.png 150w, https:\/\/ywatik.com\/wp-content\/uploads\/2023\/09\/T-SHIRT-MADE-IN-TUNISIA-1-380x380.png 380w, https:\/\/ywatik.com\/wp-content\/uploads\/2023\/09\/T-SHIRT-MADE-IN-TUNISIA-1-450x450.png 450w, https:\/\/ywatik.com\/wp-content\/uploads\/2023\/09\/T-SHIRT-MADE-IN-TUNISIA-1-100x100.png 100w\" sizes=\"auto, (max-width: 500px) 100vw, 500px\" \/>\t<\/a>\n\t\t<div class=\"woodmart-add-btn wd-add-btn-replace\">\n\t\t<a href=\"https:\/\/ywatik.com\/fr_fr\/product\/t-shirt-made-in-tunisia\/\" data-quantity=\"1\" class=\"button product_type_variable add_to_cart_button add-to-cart-loop\" data-product_id=\"2844\" data-product_sku=\"\" aria-label=\"S\u00e9lectionner les options pour &ldquo;T-Shirt Made in Tunisia&rdquo;\" rel=\"nofollow\"><span>Choix des options<\/span><\/a>\t<\/div> \n\t<div class=\"woodmart-buttons wd-pos-r-t color-scheme-light\">\n\t\t\t\t\t<div class=\"woodmart-compare-btn product-compare-button wd-action-btn wd-compare-btn wd-style-icon\">\n\t\t\t\t<a href=\"https:\/\/ywatik.com\/fr_fr\/compare\/\" data-id=\"2844\" data-added-text=\"Compare products\">\n\t\t\t\t\tCompare\t\t\t\t<\/a>\n\t\t\t<\/div>\n\t\t\t\t\t\t\t<div class=\"quick-view wd-action-btn wd-quick-view-btn wd-style-icon\">\n\t\t\t\t<a \n\t\t\t\t\thref=\"https:\/\/ywatik.com\/fr_fr\/product\/t-shirt-made-in-tunisia\/\" \n\t\t\t\t\tclass=\"open-quick-view quick-view-button\"\n\t\t\t\t\tdata-id=\"2844\">Quick view<\/a>\n\t\t\t<\/div>\n\t\t\t\t\t\t\t<div class=\"woodmart-wishlist-btn wd-action-btn wd-wishlist-btn wd-style-icon\">\n\t\t\t\t<a href=\"https:\/\/ywatik.com\/fr_fr\/wishlist\/\" data-key=\"be0385a8d6\" data-product-id=\"2844\" data-added-text=\"Browse Wishlist\">Add to wishlist<\/a>\n\t\t\t<\/div>\n\t\t\t<\/div>\n\t\t\t\t<div class=\"quick-shop-wrapper\">\n\t\t\t\t<div class=\"quick-shop-close wd-cross-button wd-size-s wd-with-text-left\"><span>Close<\/span><\/div>\n\t\t\t\t<div class=\"quick-shop-form\">\n\t\t\t\t<\/div>\n\t\t\t<\/div>\n\t\t<\/div>\n<h3 class=\"product-title\"><a href=\"https:\/\/ywatik.com\/fr_fr\/product\/t-shirt-made-in-tunisia\/\">T-Shirt Made in Tunisia<\/a><\/h3>\n\t<span class=\"price\"><del aria-hidden=\"true\"><span class=\"woocommerce-Price-amount amount\"><bdi>34.90&nbsp;<span class=\"woocommerce-Price-currencySymbol\">&#x62f;.&#x62a;<\/span><\/bdi><\/span><\/del> <span class=\"screen-reader-text\">Le prix initial \u00e9tait\u00a0: 34.90&nbsp;&#x62f;.&#x62a;.<\/span><ins aria-hidden=\"true\"><span class=\"woocommerce-Price-amount amount\"><bdi>28.00&nbsp;<span class=\"woocommerce-Price-currencySymbol\">&#x62f;.&#x62a;<\/span><\/bdi><\/span><\/ins><span class=\"screen-reader-text\">Le prix actuel est\u00a0: 28.00&nbsp;&#x62f;.&#x62a;.<\/span><\/span>\n\n\n\n<\/div>\t\n<div class=\"product-grid-item product woodmart-hover-button  col-md-4 col-6 first  type-product post-4780 status-publish first instock product_cat-tapis-de-souris product_cat-tapis-de-souris-games product_tag-game has-post-thumbnail shipping-taxable purchasable product-type-simple\" data-loop=\"4\" data-id=\"4780\">\n\n\t\n<div class=\"product-element-top\">\n\t<a href=\"https:\/\/ywatik.com\/fr_fr\/product\/tapis-de-souris-csgo-5\/\" class=\"product-image-link\">\n\t\t<img loading=\"lazy\" decoding=\"async\" width=\"500\" height=\"500\" src=\"https:\/\/ywatik.com\/wp-content\/uploads\/2022\/07\/TAPIS-DE-SOURIS-CSGO-4.png\" class=\"attachment-woocommerce_thumbnail size-woocommerce_thumbnail\" alt=\"\" srcset=\"https:\/\/ywatik.com\/wp-content\/uploads\/2022\/07\/TAPIS-DE-SOURIS-CSGO-4.png 500w, https:\/\/ywatik.com\/wp-content\/uploads\/2022\/07\/TAPIS-DE-SOURIS-CSGO-4-300x300.png 300w, https:\/\/ywatik.com\/wp-content\/uploads\/2022\/07\/TAPIS-DE-SOURIS-CSGO-4-150x150.png 150w, https:\/\/ywatik.com\/wp-content\/uploads\/2022\/07\/TAPIS-DE-SOURIS-CSGO-4-380x380.png 380w, https:\/\/ywatik.com\/wp-content\/uploads\/2022\/07\/TAPIS-DE-SOURIS-CSGO-4-450x450.png 450w, https:\/\/ywatik.com\/wp-content\/uploads\/2022\/07\/TAPIS-DE-SOURIS-CSGO-4-100x100.png 100w\" sizes=\"auto, (max-width: 500px) 100vw, 500px\" \/>\t<\/a>\n\t\t<div class=\"woodmart-add-btn wd-add-btn-replace\">\n\t\t<a href=\"\/fr_fr\/wp-json\/wp\/v2\/pages\/828?add-to-cart=4780\" data-quantity=\"1\" class=\"button product_type_simple add_to_cart_button ajax_add_to_cart add-to-cart-loop\" data-product_id=\"4780\" data-product_sku=\"TSCSGO3\" aria-label=\"Ajouter au panier\u00a0: &ldquo;Tapis de souris CS:GO&rdquo;\" rel=\"nofollow\" data-success_message=\"\u00ab\u00a0Tapis de souris CS:GO\u00a0\u00bb a \u00e9t\u00e9 ajout\u00e9 \u00e0 votre panier\" role=\"button\"><span>Ajouter au panier<\/span><\/a>\t<\/div> \n\t<div class=\"woodmart-buttons wd-pos-r-t color-scheme-light\">\n\t\t\t\t\t<div class=\"woodmart-compare-btn product-compare-button wd-action-btn wd-compare-btn wd-style-icon\">\n\t\t\t\t<a href=\"https:\/\/ywatik.com\/fr_fr\/compare\/\" data-id=\"4780\" data-added-text=\"Compare products\">\n\t\t\t\t\tCompare\t\t\t\t<\/a>\n\t\t\t<\/div>\n\t\t\t\t\t\t\t<div class=\"quick-view wd-action-btn wd-quick-view-btn wd-style-icon\">\n\t\t\t\t<a \n\t\t\t\t\thref=\"https:\/\/ywatik.com\/fr_fr\/product\/tapis-de-souris-csgo-5\/\" \n\t\t\t\t\tclass=\"open-quick-view quick-view-button\"\n\t\t\t\t\tdata-id=\"4780\">Quick view<\/a>\n\t\t\t<\/div>\n\t\t\t\t\t\t\t<div class=\"woodmart-wishlist-btn wd-action-btn wd-wishlist-btn wd-style-icon\">\n\t\t\t\t<a href=\"https:\/\/ywatik.com\/fr_fr\/wishlist\/\" data-key=\"be0385a8d6\" data-product-id=\"4780\" data-added-text=\"Browse Wishlist\">Add to wishlist<\/a>\n\t\t\t<\/div>\n\t\t\t<\/div>\n\t\t\t\t<div class=\"quick-shop-wrapper\">\n\t\t\t\t<div class=\"quick-shop-close wd-cross-button wd-size-s wd-with-text-left\"><span>Close<\/span><\/div>\n\t\t\t\t<div class=\"quick-shop-form\">\n\t\t\t\t<\/div>\n\t\t\t<\/div>\n\t\t<\/div>\n<h3 class=\"product-title\"><a href=\"https:\/\/ywatik.com\/fr_fr\/product\/tapis-de-souris-csgo-5\/\">Tapis de souris CS:GO<\/a><\/h3>\n\t<span class=\"price\"><span class=\"woocommerce-Price-amount amount\"><bdi>15.00&nbsp;<span class=\"woocommerce-Price-currencySymbol\">&#x62f;.&#x62a;<\/span><\/bdi><\/span><\/span>\n\n\n\n<\/div>\t\n<div class=\"product-grid-item product woodmart-hover-button  col-md-4 col-6 type-product post-2954 status-publish instock product_cat-home has-post-thumbnail shipping-taxable purchasable product-type-simple\" data-loop=\"5\" data-id=\"2954\">\n\n\t\n<div class=\"product-element-top\">\n\t<a href=\"https:\/\/ywatik.com\/fr_fr\/product\/masque-africain-2\/\" class=\"product-image-link\">\n\t\t<img loading=\"lazy\" decoding=\"async\" width=\"500\" height=\"500\" src=\"https:\/\/ywatik.com\/wp-content\/uploads\/2023\/09\/1.png\" class=\"attachment-woocommerce_thumbnail size-woocommerce_thumbnail\" alt=\"\" srcset=\"https:\/\/ywatik.com\/wp-content\/uploads\/2023\/09\/1.png 500w, https:\/\/ywatik.com\/wp-content\/uploads\/2023\/09\/1-300x300.png 300w, https:\/\/ywatik.com\/wp-content\/uploads\/2023\/09\/1-150x150.png 150w, https:\/\/ywatik.com\/wp-content\/uploads\/2023\/09\/1-380x380.png 380w, https:\/\/ywatik.com\/wp-content\/uploads\/2023\/09\/1-450x450.png 450w, https:\/\/ywatik.com\/wp-content\/uploads\/2023\/09\/1-100x100.png 100w\" sizes=\"auto, (max-width: 500px) 100vw, 500px\" \/>\t<\/a>\n\t\t<div class=\"woodmart-add-btn wd-add-btn-replace\">\n\t\t<a href=\"\/fr_fr\/wp-json\/wp\/v2\/pages\/828?add-to-cart=2954\" data-quantity=\"1\" class=\"button product_type_simple add_to_cart_button ajax_add_to_cart add-to-cart-loop\" data-product_id=\"2954\" data-product_sku=\"\" aria-label=\"Ajouter au panier\u00a0: &ldquo;Masque Africain&rdquo;\" rel=\"nofollow\" data-success_message=\"\u00ab\u00a0Masque Africain\u00a0\u00bb a \u00e9t\u00e9 ajout\u00e9 \u00e0 votre panier\" role=\"button\"><span>Ajouter au panier<\/span><\/a>\t<\/div> \n\t<div class=\"woodmart-buttons wd-pos-r-t color-scheme-light\">\n\t\t\t\t\t<div class=\"woodmart-compare-btn product-compare-button wd-action-btn wd-compare-btn wd-style-icon\">\n\t\t\t\t<a href=\"https:\/\/ywatik.com\/fr_fr\/compare\/\" data-id=\"2954\" data-added-text=\"Compare products\">\n\t\t\t\t\tCompare\t\t\t\t<\/a>\n\t\t\t<\/div>\n\t\t\t\t\t\t\t<div class=\"quick-view wd-action-btn wd-quick-view-btn wd-style-icon\">\n\t\t\t\t<a \n\t\t\t\t\thref=\"https:\/\/ywatik.com\/fr_fr\/product\/masque-africain-2\/\" \n\t\t\t\t\tclass=\"open-quick-view quick-view-button\"\n\t\t\t\t\tdata-id=\"2954\">Quick view<\/a>\n\t\t\t<\/div>\n\t\t\t\t\t\t\t<div class=\"woodmart-wishlist-btn wd-action-btn wd-wishlist-btn wd-style-icon\">\n\t\t\t\t<a href=\"https:\/\/ywatik.com\/fr_fr\/wishlist\/\" data-key=\"be0385a8d6\" data-product-id=\"2954\" data-added-text=\"Browse Wishlist\">Add to wishlist<\/a>\n\t\t\t<\/div>\n\t\t\t<\/div>\n\t\t\t\t<div class=\"quick-shop-wrapper\">\n\t\t\t\t<div class=\"quick-shop-close wd-cross-button wd-size-s wd-with-text-left\"><span>Close<\/span><\/div>\n\t\t\t\t<div class=\"quick-shop-form\">\n\t\t\t\t<\/div>\n\t\t\t<\/div>\n\t\t<\/div>\n<h3 class=\"product-title\"><a href=\"https:\/\/ywatik.com\/fr_fr\/product\/masque-africain-2\/\">Masque Africain<\/a><\/h3>\n\t<span class=\"price\"><span class=\"woocommerce-Price-amount amount\"><bdi>149.90&nbsp;<span class=\"woocommerce-Price-currencySymbol\">&#x62f;.&#x62a;<\/span><\/bdi><\/span><\/span>\n\n\n\n<\/div>\t\n<div class=\"product-grid-item wd-with-labels product woodmart-hover-button  col-md-4 col-6 last  type-product post-4795 status-publish last instock product_cat-fashion product_cat-t-shirts product_tag-anime product_tag-t-shirt has-post-thumbnail sale shipping-taxable purchasable product-type-variable has-default-attributes\" data-loop=\"6\" data-id=\"4795\">\n\n\t\n<div class=\"product-element-top\">\n\t<a href=\"https:\/\/ywatik.com\/fr_fr\/product\/t-shirt-pirate-of-hearts\/\" class=\"product-image-link\">\n\t\t<div class=\"product-labels labels-rounded\"><span class=\"onsale product-label\">-42%<\/span><\/div><img loading=\"lazy\" decoding=\"async\" width=\"500\" height=\"500\" src=\"https:\/\/ywatik.com\/wp-content\/uploads\/2022\/07\/T-SHIRT-PIRATE-OF-HEARTS.png\" class=\"attachment-woocommerce_thumbnail size-woocommerce_thumbnail\" alt=\"\" srcset=\"https:\/\/ywatik.com\/wp-content\/uploads\/2022\/07\/T-SHIRT-PIRATE-OF-HEARTS.png 500w, https:\/\/ywatik.com\/wp-content\/uploads\/2022\/07\/T-SHIRT-PIRATE-OF-HEARTS-300x300.png 300w, https:\/\/ywatik.com\/wp-content\/uploads\/2022\/07\/T-SHIRT-PIRATE-OF-HEARTS-150x150.png 150w, https:\/\/ywatik.com\/wp-content\/uploads\/2022\/07\/T-SHIRT-PIRATE-OF-HEARTS-380x380.png 380w, https:\/\/ywatik.com\/wp-content\/uploads\/2022\/07\/T-SHIRT-PIRATE-OF-HEARTS-450x450.png 450w, https:\/\/ywatik.com\/wp-content\/uploads\/2022\/07\/T-SHIRT-PIRATE-OF-HEARTS-100x100.png 100w\" sizes=\"auto, (max-width: 500px) 100vw, 500px\" \/>\t<\/a>\n\t\t<div class=\"woodmart-add-btn wd-add-btn-replace\">\n\t\t<a href=\"https:\/\/ywatik.com\/fr_fr\/product\/t-shirt-pirate-of-hearts\/\" data-quantity=\"1\" class=\"button product_type_variable add_to_cart_button add-to-cart-loop\" data-product_id=\"4795\" data-product_sku=\"\" aria-label=\"S\u00e9lectionner les options pour &ldquo;T-Shirt Pirate of Hearts&rdquo;\" rel=\"nofollow\"><span>Choix des options<\/span><\/a>\t<\/div> \n\t<div class=\"woodmart-buttons wd-pos-r-t color-scheme-light\">\n\t\t\t\t\t<div class=\"woodmart-compare-btn product-compare-button wd-action-btn wd-compare-btn wd-style-icon\">\n\t\t\t\t<a href=\"https:\/\/ywatik.com\/fr_fr\/compare\/\" data-id=\"4795\" data-added-text=\"Compare products\">\n\t\t\t\t\tCompare\t\t\t\t<\/a>\n\t\t\t<\/div>\n\t\t\t\t\t\t\t<div class=\"quick-view wd-action-btn wd-quick-view-btn wd-style-icon\">\n\t\t\t\t<a \n\t\t\t\t\thref=\"https:\/\/ywatik.com\/fr_fr\/product\/t-shirt-pirate-of-hearts\/\" \n\t\t\t\t\tclass=\"open-quick-view quick-view-button\"\n\t\t\t\t\tdata-id=\"4795\">Quick view<\/a>\n\t\t\t<\/div>\n\t\t\t\t\t\t\t<div class=\"woodmart-wishlist-btn wd-action-btn wd-wishlist-btn wd-style-icon\">\n\t\t\t\t<a href=\"https:\/\/ywatik.com\/fr_fr\/wishlist\/\" data-key=\"be0385a8d6\" data-product-id=\"4795\" data-added-text=\"Browse Wishlist\">Add to wishlist<\/a>\n\t\t\t<\/div>\n\t\t\t<\/div>\n\t\t\t\t<div class=\"quick-shop-wrapper\">\n\t\t\t\t<div class=\"quick-shop-close wd-cross-button wd-size-s wd-with-text-left\"><span>Close<\/span><\/div>\n\t\t\t\t<div class=\"quick-shop-form\">\n\t\t\t\t<\/div>\n\t\t\t<\/div>\n\t\t<\/div>\n<h3 class=\"product-title\"><a href=\"https:\/\/ywatik.com\/fr_fr\/product\/t-shirt-pirate-of-hearts\/\">T-Shirt Pirate of Hearts<\/a><\/h3>\n\t<span class=\"price\"><del aria-hidden=\"true\"><span class=\"woocommerce-Price-amount amount\"><bdi>47.90&nbsp;<span class=\"woocommerce-Price-currencySymbol\">&#x62f;.&#x62a;<\/span><\/bdi><\/span><\/del> <span class=\"screen-reader-text\">Le prix initial \u00e9tait\u00a0: 47.90&nbsp;&#x62f;.&#x62a;.<\/span><ins aria-hidden=\"true\"><span class=\"woocommerce-Price-amount amount\"><bdi>28.00&nbsp;<span class=\"woocommerce-Price-currencySymbol\">&#x62f;.&#x62a;<\/span><\/bdi><\/span><\/ins><span class=\"screen-reader-text\">Le prix actuel est\u00a0: 28.00&nbsp;&#x62f;.&#x62a;.<\/span><\/span>\n\n\n\n<\/div>\t\n<\/div><\/div><\/div><\/div><\/div><\/div><div class=\"vc_row wpb_row vc_row-fluid\"><div class=\"wpb_column vc_column_container vc_col-sm-12 vc_col-md-offset-3 vc_col-md-6 vc_col-xs-12\"><div class=\"vc_column-inner\"><div class=\"wpb_wrapper\"><div class=\"vc_message_box vc_message_box-standard vc_message_box-square vc_color-info\" ><div class=\"vc_message_box-icon\"><i class=\"fas fa-info-circle\"><\/i><\/div><p>To set a product rating go to the desired product page and leave a comment for it with the maximum rating of 5 stars.<\/p>\n<\/div><\/div><\/div><\/div><\/div>\n<\/section>","protected":false},"excerpt":{"rendered":"WOOCOMMERCE 5 STARS PRODUCTS Products with all positive feedbacks Ajouter au panier Compare Quick view Add to wishlist Close Mug","protected":false},"author":1,"featured_media":0,"parent":0,"menu_order":0,"comment_status":"closed","ping_status":"closed","template":"","meta":{"footnotes":""},"class_list":["post-828","page","type-page","status-publish","hentry"],"_links":{"self":[{"href":"https:\/\/ywatik.com\/fr_fr\/wp-json\/wp\/v2\/pages\/828","targetHints":{"allow":["GET"]}}],"collection":[{"href":"https:\/\/ywatik.com\/fr_fr\/wp-json\/wp\/v2\/pages"}],"about":[{"href":"https:\/\/ywatik.com\/fr_fr\/wp-json\/wp\/v2\/types\/page"}],"author":[{"embeddable":true,"href":"https:\/\/ywatik.com\/fr_fr\/wp-json\/wp\/v2\/users\/1"}],"replies":[{"embeddable":true,"href":"https:\/\/ywatik.com\/fr_fr\/wp-json\/wp\/v2\/comments?post=828"}],"version-history":[{"count":0,"href":"https:\/\/ywatik.com\/fr_fr\/wp-json\/wp\/v2\/pages\/828\/revisions"}],"wp:attachment":[{"href":"https:\/\/ywatik.com\/fr_fr\/wp-json\/wp\/v2\/media?parent=828"}],"curies":[{"name":"wp","href":"https:\/\/api.w.org\/{rel}","templated":true}]}}